{"id":11074,"date":"2018-08-03T00:45:31","date_gmt":"2018-08-02T22:45:31","guid":{"rendered":"https:\/\/idmc.de\/?page_id=11074"},"modified":"2018-08-03T00:54:18","modified_gmt":"2018-08-02T22:54:18","slug":"fuhrpark-post-update","status":"publish","type":"page","link":"https:\/\/idmc.de\/?page_id=11074","title":{"rendered":"Fuhrpark"},"content":{"rendered":"<div class=\"fusion-fullwidth fullwidth-box fusion-builder-row-1 nonhundred-percent-fullwidth non-hundred-percent-height-scrolling\" style=\"background-color: #ffffff;background-position: center center;background-repeat: no-repeat;padding-top:0px;padding-right:0px;padding-bottom:0px;padding-left:0px;margin-bottom: 0px;margin-top: 0px;border-width: 0px 0px 0px 0px;border-color:#eae9e9;border-style:solid;\" ><div class=\"fusion-builder-row fusion-row\"><div class=\"fusion-layout-column fusion_builder_column fusion-builder-column-0 fusion_builder_column_1_2 1_2 fusion-one-half fusion-column-first\" style=\"width:50%;width:calc(50% - ( ( 4% ) * 0.5 ) );margin-right: 4%;margin-top:0px;margin-bottom:20px;\"><div class=\"fusion-column-wrapper fusion-flex-column-wrapper-legacy\" style=\"background-position:left top;background-repeat:no-repeat;-webkit-background-size:cover;-moz-background-size:cover;-o-background-size:cover;background-size:cover;padding: 0px 0px 0px 0px;\"><span class=\" fusion-imageframe imageframe-none imageframe-1 hover-type-none\"><img width=\"1920\" height=\"1080\" title=\"teletiefbettauflieger_0322\" src=\"https:\/\/idmc.de\/wp-content\/uploads\/2014\/10\/teletiefbettauflieger_0322.jpg\" alt class=\"img-responsive wp-image-10874\"\/><\/span><div class=\"fusion-clearfix\"><\/div><\/div><\/div><div class=\"fusion-layout-column fusion_builder_column fusion-builder-column-1 fusion_builder_column_1_2 1_2 fusion-one-half fusion-column-last\" style=\"width:50%;width:calc(50% - ( ( 4% ) * 0.5 ) );margin-top:0px;margin-bottom:20px;\"><div class=\"fusion-column-wrapper fusion-flex-column-wrapper-legacy\" style=\"background-position:left top;background-repeat:no-repeat;-webkit-background-size:cover;-moz-background-size:cover;-o-background-size:cover;background-size:cover;padding: 0px 0px 0px 0px;\"><div class=\"fusion-text fusion-text-1\"><h2>(Tele-)Tiefbettauflieger<\/h2>\n<p>F\u00fcr besonders hohe Waren sind (Tele-) Tiefbettauflieger mit einer Ladekante von lediglich 30 Zentimetern H\u00f6he ein absolutes Muss. Denn sie erlauben den Transport von Sonderma\u00dfen, die mit herk\u00f6mmlichen Mitteln kaum oder gar nicht zu realisieren w\u00e4ren.<br \/>\nDank des umfangreichen Bestands an firmeneigenen (Tele-) Tiefbettaufliegern liefert I.D.M.C. besonders hohe G\u00fcter auch in Masse punktgenau aus. Gerade Gro\u00dfkunden wissen die enormen Vorteile der hausinternen M\u00f6glichkeiten sehr zu sch\u00e4tzen.<\/p>\n<\/div><div class=\"fusion-clearfix\"><\/div><\/div><\/div><div class=\"fusion-layout-column fusion_builder_column fusion-builder-column-2 fusion_builder_column_1_2 1_2 fusion-one-half fusion-column-first\" style=\"width:50%;width:calc(50% - ( ( 4% ) * 0.5 ) );margin-right: 4%;margin-top:0px;margin-bottom:20px;\"><div class=\"fusion-column-wrapper fusion-flex-column-wrapper-legacy\" style=\"background-position:left top;background-repeat:no-repeat;-webkit-background-size:cover;-moz-background-size:cover;-o-background-size:cover;background-size:cover;padding: 0px 0px 0px 0px;\"><span class=\" fusion-imageframe imageframe-none imageframe-2 hover-type-none\"><img width=\"1920\" height=\"1080\" title=\"telesattelauflieger_0115\" src=\"https:\/\/idmc.de\/wp-content\/uploads\/2014\/10\/telesattelauflieger_0115.jpg\" alt class=\"img-responsive wp-image-10872\"\/><\/span><div class=\"fusion-clearfix\"><\/div><\/div><\/div><div class=\"fusion-layout-column fusion_builder_column fusion-builder-column-3 fusion_builder_column_1_2 1_2 fusion-one-half fusion-column-last\" style=\"width:50%;width:calc(50% - ( ( 4% ) * 0.5 ) );margin-top:0px;margin-bottom:20px;\"><div class=\"fusion-column-wrapper fusion-flex-column-wrapper-legacy\" style=\"background-position:left top;background-repeat:no-repeat;-webkit-background-size:cover;-moz-background-size:cover;-o-background-size:cover;background-size:cover;padding: 0px 0px 0px 0px;\"><div class=\"fusion-text fusion-text-2\"><h2>(Tele-)Stattelauflieger<\/h2>\n<p>Offen oder geschlossen, und mit einer durchgehenden Ladefl\u00e4che von 13,6 Metern geh\u00f6ren Sattelauflieger zum Standardprogramm von I.D.M.C. Selbiges gilt f\u00fcr die bis auf 21 Meter ausziehbaren Versionen.<br \/>\nW\u00e4hrend die offenen Sattel besonders beim Transport von Stahl-Konstruktionen, Betonteilen, Blechen und H\u00f6lzern zum Einsatz kommen, sind die Planen-Auflieger ma\u00dfgeschneidert f\u00fcr den Warenverkehr der gesamten Palette wirtschaftlicher Produkte.<\/p>\n<\/div><div class=\"fusion-clearfix\"><\/div><\/div><\/div><div class=\"fusion-layout-column fusion_builder_column fusion-builder-column-4 fusion_builder_column_1_2 1_2 fusion-one-half fusion-column-first\" style=\"width:50%;width:calc(50% - ( ( 4% ) * 0.5 ) );margin-right: 4%;margin-top:0px;margin-bottom:20px;\"><div class=\"fusion-column-wrapper fusion-flex-column-wrapper-legacy\" style=\"background-position:left top;background-repeat:no-repeat;-webkit-background-size:cover;-moz-background-size:cover;-o-background-size:cover;background-size:cover;padding: 0px 0px 0px 0px;\"><span class=\" fusion-imageframe imageframe-none imageframe-3 hover-type-none\"><img width=\"1920\" height=\"1080\" title=\"teletieflader_0286\" src=\"https:\/\/idmc.de\/wp-content\/uploads\/2014\/10\/teletieflader_0286.jpg\" alt class=\"img-responsive wp-image-10875\"\/><\/span><div class=\"fusion-clearfix\"><\/div><\/div><\/div><div class=\"fusion-layout-column fusion_builder_column fusion-builder-column-5 fusion_builder_column_1_2 1_2 fusion-one-half fusion-column-last\" style=\"width:50%;width:calc(50% - ( ( 4% ) * 0.5 ) );margin-top:0px;margin-bottom:20px;\"><div class=\"fusion-column-wrapper fusion-flex-column-wrapper-legacy\" style=\"background-position:left top;background-repeat:no-repeat;-webkit-background-size:cover;-moz-background-size:cover;-o-background-size:cover;background-size:cover;padding: 0px 0px 0px 0px;\"><div class=\"fusion-text fusion-text-3\"><h2>(Tele-)Tieflader<\/h2>\n<p>Ob drei- oder vierachsig, mit regul\u00e4rer Ladefl\u00e4che oder aber ausziehbar. (Tele-)Tieflader garantieren beste Bedingungen f\u00fcr den Transport von G\u00fctern mit einer H\u00f6he von bis zu 3,10 Metern. Eine optimale Verwendung finden sie bei Konstruktions-Teilen aus Stahl und Beton.<br \/>\nDank der enormen Vielfalt an firmeneigenen Modellen und einer gro\u00dfen Anzahl der jeweiligen (Tele-)Tieflader erf\u00fcllt I.D.M.C. auch in diesem Segment s\u00e4mtliche Kundenw\u00fcnsche. Perfekt geplant und punktgenau in der Abwicklung.<\/p>\n<\/div><div class=\"fusion-clearfix\"><\/div><\/div><\/div><div class=\"fusion-layout-column fusion_builder_column fusion-builder-column-6 fusion_builder_column_1_2 1_2 fusion-one-half fusion-column-first\" style=\"width:50%;width:calc(50% - ( ( 4% ) * 0.5 ) );margin-right: 4%;margin-top:0px;margin-bottom:20px;\"><div class=\"fusion-column-wrapper fusion-flex-column-wrapper-legacy\" style=\"background-position:left top;background-repeat:no-repeat;-webkit-background-size:cover;-moz-background-size:cover;-o-background-size:cover;background-size:cover;padding: 0px 0px 0px 0px;\"><span class=\" fusion-imageframe imageframe-none imageframe-4 hover-type-none\"><img width=\"900\" height=\"592\" title=\"innenlader-temp_900\" src=\"https:\/\/idmc.de\/wp-content\/uploads\/2015\/01\/innenlader-temp_900.jpg\" alt class=\"img-responsive wp-image-11028\"\/><\/span><div class=\"fusion-clearfix\"><\/div><\/div><\/div><div class=\"fusion-layout-column fusion_builder_column fusion-builder-column-7 fusion_builder_column_1_2 1_2 fusion-one-half fusion-column-last\" style=\"width:50%;width:calc(50% - ( ( 4% ) * 0.5 ) );margin-top:0px;margin-bottom:20px;\"><div class=\"fusion-column-wrapper fusion-flex-column-wrapper-legacy\" style=\"background-position:left top;background-repeat:no-repeat;-webkit-background-size:cover;-moz-background-size:cover;-o-background-size:cover;background-size:cover;padding: 0px 0px 0px 0px;\"><div class=\"fusion-text fusion-text-4\"><h2>Innenlader<\/h2>\n<p>Mit einer Ladefl\u00e4che von nur 40 Zentimetern Abstand zum Boden und den entsprechenden hydraulischen Komponenten sind Innenlader in der Lage, bereits konfektionierte Paletten in Eigenregie aufzunehmen und sie auch wieder abzuladen.<br \/>\nAuf diese Weise gestatten sie einen unkomplizierten Transport ohne zus\u00e4tzliche Be- und Entlade-Kr\u00e4ne. Durch das breit aufgestelltes Arsenal an Innenladern verf\u00fcgt I.D.M.C. \u00fcber das technische Know-how, auch umfangreichste Auftr\u00e4ge mit Innenladern problemlos und wunschgem\u00e4\u00df zu erf\u00fcllen.<\/p>\n<\/div><div class=\"fusion-clearfix\"><\/div><\/div><\/div><\/div><\/div>\n","protected":false},"excerpt":{"rendered":"","protected":false},"author":2,"featured_media":0,"parent":0,"menu_order":0,"comment_status":"closed","ping_status":"closed","template":"","meta":[],"_links":{"self":[{"href":"https:\/\/idmc.de\/index.php?rest_route=\/wp\/v2\/pages\/11074"}],"collection":[{"href":"https:\/\/idmc.de\/index.php?rest_route=\/wp\/v2\/pages"}],"about":[{"href":"https:\/\/idmc.de\/index.php?rest_route=\/wp\/v2\/types\/page"}],"author":[{"embeddable":true,"href":"https:\/\/idmc.de\/index.php?rest_route=\/wp\/v2\/users\/2"}],"replies":[{"embeddable":true,"href":"https:\/\/idmc.de\/index.php?rest_route=%2Fwp%2Fv2%2Fcomments&post=11074"}],"version-history":[{"count":4,"href":"https:\/\/idmc.de\/index.php?rest_route=\/wp\/v2\/pages\/11074\/revisions"}],"predecessor-version":[{"id":11080,"href":"https:\/\/idmc.de\/index.php?rest_route=\/wp\/v2\/pages\/11074\/revisions\/11080"}],"wp:attachment":[{"href":"https:\/\/idmc.de\/index.php?rest_route=%2Fwp%2Fv2%2Fmedia&parent=11074"}],"curies":[{"name":"wp","href":"https:\/\/api.w.org\/{rel}","templated":true}]}}