{"id":11068,"date":"2018-08-03T00:46:46","date_gmt":"2018-08-02T22:46:46","guid":{"rendered":"https:\/\/idmc.de\/?page_id=11068"},"modified":"2018-08-03T00:54:27","modified_gmt":"2018-08-02T22:54:27","slug":"leistungen-post-update","status":"publish","type":"page","link":"https:\/\/idmc.de\/?page_id=11068","title":{"rendered":"Leistungen"},"content":{"rendered":"<div class=\"fusion-fullwidth fullwidth-box fusion-builder-row-1 nonhundred-percent-fullwidth non-hundred-percent-height-scrolling\" style=\"background-color: #ffffff;background-position: center center;background-repeat: no-repeat;padding-top:0px;padding-right:0px;padding-bottom:0px;padding-left:0px;margin-bottom: 0px;margin-top: 0px;border-width: 0px 0px 0px 0px;border-color:#eae9e9;border-style:solid;\" ><div class=\"fusion-builder-row fusion-row\"><div class=\"fusion-layout-column fusion_builder_column fusion-builder-column-0 fusion_builder_column_1_1 1_1 fusion-one-full fusion-column-first fusion-column-last\" style=\"margin-top:0px;margin-bottom:20px;\"><div class=\"fusion-column-wrapper fusion-flex-column-wrapper-legacy\" style=\"background-position:left top;background-repeat:no-repeat;-webkit-background-size:cover;-moz-background-size:cover;-o-background-size:cover;background-size:cover;padding: 0px 0px 0px 0px;\"><div class=\"fusion-builder-row fusion-builder-row-inner fusion-row\"><div class=\"fusion-layout-column fusion_builder_column_inner fusion-builder-nested-column-0 fusion_builder_column_inner_1_2 1_2 fusion-one-half fusion-column-first\" style=\"width:50%;width:calc(50% - ( ( 4% ) * 0.5 ) );margin-right: 4%;margin-top:0px;margin-bottom:20px;\"><div class=\"fusion-column-wrapper fusion-flex-column-wrapper-legacy\" style=\"background-position:left top;background-repeat:no-repeat;-webkit-background-size:cover;-moz-background-size:cover;-o-background-size:cover;background-size:cover;padding: 0px 0px 0px 0px;\"><span class=\" fusion-imageframe imageframe-none imageframe-1 hover-type-none\"><img width=\"900\" height=\"600\" title=\"Leistungen_Spezial_3346_900\" src=\"https:\/\/idmc.de\/wp-content\/uploads\/2014\/08\/Leistungen_Spezial_3346_900.jpg\" alt class=\"img-responsive wp-image-10919\"\/><\/span><div class=\"fusion-clearfix\"><\/div><\/div><\/div><div class=\"fusion-layout-column fusion_builder_column_inner fusion-builder-nested-column-1 fusion_builder_column_inner_1_2 1_2 fusion-one-half fusion-column-last\" style=\"width:50%;width:calc(50% - ( ( 4% ) * 0.5 ) );margin-top:0px;margin-bottom:20px;\"><div class=\"fusion-column-wrapper fusion-flex-column-wrapper-legacy\" style=\"background-position:left top;background-repeat:no-repeat;-webkit-background-size:cover;-moz-background-size:cover;-o-background-size:cover;background-size:cover;padding: 0px 0px 0px 0px;\"><style type=\"text\/css\"><\/style><div class=\"fusion-title title fusion-title-1 fusion-sep-none fusion-title-text fusion-title-size-one\" style=\"margin-top:0px;margin-right:0px;margin-bottom:31px;margin-left:0px;\"><h1 class=\"title-heading-left\" style=\"margin:0;\">Spezialtransporte<\/h1><\/div><div class=\"fusion-text fusion-text-1\"><p>Geht nicht \u2013 gibt\u2019s nicht! Der firmeneigene G\u00fcterkraftverkehr von I.D.M.C. besticht durch seine enorme Vielfalt. Und neben der Bandbreite sorgt auch die gro\u00dfe St\u00fcckzahl an Spezialaufliegern f\u00fcr einzigartige M\u00f6glichkeiten.<\/p>\n<p>Dar\u00fcber hinaus pflegt I.D.M.C. langj\u00e4hrige Partnerschaften mit Unternehmen, die den firmeneigenen Qualit\u00e4tsstandard zu 100 Prozent erf\u00fcllen und das Portfolio noch einmal zus\u00e4tzlich erweitern. \u2013 Und das nicht nur auf der Stra\u00dfe, sondern auch auf der Schiene, zur See oder per Luft.<\/p>\n<\/div><div class=\"fusion-clearfix\"><\/div><\/div><\/div><\/div><div class=\"fusion-builder-row fusion-builder-row-inner fusion-row\"><div class=\"fusion-layout-column fusion_builder_column_inner fusion-builder-nested-column-2 fusion_builder_column_inner_1_2 1_2 fusion-one-half fusion-column-first\" style=\"width:50%;width:calc(50% - ( ( 4% ) * 0.5 ) );margin-right: 4%;margin-top:0px;margin-bottom:20px;\"><div class=\"fusion-column-wrapper fusion-flex-column-wrapper-legacy\" style=\"background-position:left top;background-repeat:no-repeat;-webkit-background-size:cover;-moz-background-size:cover;-o-background-size:cover;background-size:cover;padding: 0px 0px 0px 0px;\"><span class=\" fusion-imageframe imageframe-none imageframe-2 hover-type-none\"><img width=\"900\" height=\"600\" title=\"Leistungen_Gueter_3254\" src=\"https:\/\/idmc.de\/wp-content\/uploads\/2014\/08\/Leistungen_Gueter_3254.jpg\" alt class=\"img-responsive wp-image-10923\"\/><\/span><div class=\"fusion-clearfix\"><\/div><\/div><\/div><div class=\"fusion-layout-column fusion_builder_column_inner fusion-builder-nested-column-3 fusion_builder_column_inner_1_2 1_2 fusion-one-half fusion-column-last\" style=\"width:50%;width:calc(50% - ( ( 4% ) * 0.5 ) );margin-top:0px;margin-bottom:20px;\"><div class=\"fusion-column-wrapper fusion-flex-column-wrapper-legacy\" style=\"background-position:left top;background-repeat:no-repeat;-webkit-background-size:cover;-moz-background-size:cover;-o-background-size:cover;background-size:cover;padding: 0px 0px 0px 0px;\"><style type=\"text\/css\"><\/style><div class=\"fusion-title title fusion-title-2 fusion-sep-none fusion-title-text fusion-title-size-one\" style=\"margin-top:0px;margin-right:0px;margin-bottom:31px;margin-left:0px;\"><h1 class=\"title-heading-left\" style=\"margin:0;\">Stahl- und Betontransporte<\/h1><\/div><div class=\"fusion-text fusion-text-2\"><p>Stahl und Beton in s\u00e4mtlichen Sorten. Ob Rund-, Flach- oder Edelstahl, Betondecken oder Fertigteile. Als Partner verschiedenster Verlader hat I.D.M.C. auf alle Anfragen die passende Antwort. Und das vom Einzelauftrag bis zur Generalabwicklung ganzer Werke.<\/p>\n<p>Was vielerorts besonders ist, geh\u00f6rt bei I.D.M.C. zum Standard. Der Transport von Pressen f\u00fcr die Automobilindustrie, von Bahnschienen und Rolltreppen z\u00e4hlt ebenso dazu wie der von Beton- und Fertigteilen f\u00fcr Fu\u00dfballstadien, Flugh\u00e4fen, Einkaufsh\u00e4usern oder Eigenheimen. Und f\u00fcr ganz spezielle Kundenw\u00fcnsche \u00fcbernimmt I.D.M.C. auch die individuelle Konzeption und Durchf\u00fchrung der Transporte.<\/p>\n<\/div><div class=\"fusion-clearfix\"><\/div><\/div><\/div><\/div><div class=\"fusion-builder-row fusion-builder-row-inner fusion-row\"><div class=\"fusion-layout-column fusion_builder_column_inner fusion-builder-nested-column-4 fusion_builder_column_inner_1_2 1_2 fusion-one-half fusion-column-first\" style=\"width:50%;width:calc(50% - ( ( 4% ) * 0.5 ) );margin-right: 4%;margin-top:0px;margin-bottom:20px;\"><div class=\"fusion-column-wrapper fusion-flex-column-wrapper-legacy\" style=\"background-position:left top;background-repeat:no-repeat;-webkit-background-size:cover;-moz-background-size:cover;-o-background-size:cover;background-size:cover;padding: 0px 0px 0px 0px;\"><span class=\" fusion-imageframe imageframe-none imageframe-3 hover-type-none\"><img width=\"900\" height=\"600\" title=\"Leistungen_Gueter_NEU_xxxx_900\" src=\"https:\/\/idmc.de\/wp-content\/uploads\/2014\/08\/Leistungen_Gueter_NEU_xxxx_9001.jpg\" alt class=\"img-responsive wp-image-10944\"\/><\/span><div class=\"fusion-clearfix\"><\/div><\/div><\/div><div class=\"fusion-layout-column fusion_builder_column_inner fusion-builder-nested-column-5 fusion_builder_column_inner_1_2 1_2 fusion-one-half fusion-column-last\" style=\"width:50%;width:calc(50% - ( ( 4% ) * 0.5 ) );margin-top:0px;margin-bottom:20px;\"><div class=\"fusion-column-wrapper fusion-flex-column-wrapper-legacy\" style=\"background-position:left top;background-repeat:no-repeat;-webkit-background-size:cover;-moz-background-size:cover;-o-background-size:cover;background-size:cover;padding: 0px 0px 0px 0px;\"><style type=\"text\/css\"><\/style><div class=\"fusion-title title fusion-title-3 fusion-sep-none fusion-title-text fusion-title-size-one\" style=\"margin-top:0px;margin-right:0px;margin-bottom:31px;margin-left:0px;\"><h1 class=\"title-heading-left\" style=\"margin:0;\">G\u00fctertransporte<\/h1><\/div><div class=\"fusion-text fusion-text-3\"><p>Der umfangreiche firmeneigene Fuhrpark gestattet es I.D.M.C., Waren aller Art zu transportieren. Und zwar unabh\u00e4ngig vom Gewicht und der Gr\u00f6\u00dfe der G\u00fcter, ob offen, geschlossen, palettiert oder unpalettiert.<\/p>\n<p>Die permanente Pr\u00e4senz in den nationalen Wirtschaftszentren und ein engmaschiges bundesweites Liniennetz garantieren termingenaue Lieferungen. Zugleich erm\u00f6glichen sie eine optimale Flexibilit\u00e4t f\u00fcr individuelle Zielorte. Auf diese Weise erf\u00fcllt I.D.M.C. selbst au\u00dfergew\u00f6hnlichste Kundenw\u00fcnsche.<\/p>\n<\/div><div class=\"fusion-clearfix\"><\/div><\/div><\/div><\/div><div class=\"fusion-builder-row fusion-builder-row-inner fusion-row\"><div class=\"fusion-layout-column fusion_builder_column_inner fusion-builder-nested-column-6 fusion_builder_column_inner_1_2 1_2 fusion-one-half fusion-column-first\" style=\"width:50%;width:calc(50% - ( ( 4% ) * 0.5 ) );margin-right: 4%;margin-top:0px;margin-bottom:20px;\"><div class=\"fusion-column-wrapper fusion-flex-column-wrapper-legacy\" style=\"background-position:left top;background-repeat:no-repeat;-webkit-background-size:cover;-moz-background-size:cover;-o-background-size:cover;background-size:cover;padding: 0px 0px 0px 0px;\"><span class=\" fusion-imageframe imageframe-none imageframe-4 hover-type-none\"><img width=\"1920\" height=\"1280\" title=\"IMG_9862\" src=\"https:\/\/idmc.de\/wp-content\/uploads\/2014\/11\/IMG_9862.jpg\" alt class=\"img-responsive wp-image-10943\"\/><\/span><div class=\"fusion-clearfix\"><\/div><\/div><\/div><div class=\"fusion-layout-column fusion_builder_column_inner fusion-builder-nested-column-7 fusion_builder_column_inner_1_2 1_2 fusion-one-half fusion-column-last\" style=\"width:50%;width:calc(50% - ( ( 4% ) * 0.5 ) );margin-top:0px;margin-bottom:20px;\"><div class=\"fusion-column-wrapper fusion-flex-column-wrapper-legacy\" style=\"background-position:left top;background-repeat:no-repeat;-webkit-background-size:cover;-moz-background-size:cover;-o-background-size:cover;background-size:cover;padding: 0px 0px 0px 0px;\"><style type=\"text\/css\"><\/style><div class=\"fusion-title title fusion-title-4 fusion-sep-none fusion-title-text fusion-title-size-one\" style=\"margin-top:0px;margin-right:0px;margin-bottom:31px;margin-left:0px;\"><h1 class=\"title-heading-left\" style=\"margin:0;\">Logistik und Lagerung<\/h1><\/div><div class=\"fusion-text fusion-text-4\"><p>Waren zu lagern und sie termingerecht zu liefern, sind Kernt\u00e4tigkeiten von I.D.M.C. Ob geb\u00fcndelt, in minuti\u00f6s geplanten Abst\u00e4nden oder f\u00fcr Touren konfektioniert. I.D.M.C. bietet logistische Komplett-L\u00f6sungen und -Leistungen.<\/p>\n<p>Am Standort in Wallenhorst stehen circa 35.000 m\u00b2 bewachte und beleuchtete Freilager- sowie mehr als 1.000 m\u00b2 beheizte Hallen-Lagerfl\u00e4che zur Verf\u00fcgung. Das hauseigene Gel\u00e4nde dient zur Abwicklung logistischer Leistungen, gestattet aber auch die reine Lagerung. Das Vor-Ort-Handling der Waren erfolgt in der Regel \u00fcber unternehmenseigene Gabelstapler.<\/p>\n<\/div><div class=\"fusion-clearfix\"><\/div><\/div><\/div><\/div><div class=\"fusion-clearfix\"><\/div><\/div><\/div><\/div><\/div>\n","protected":false},"excerpt":{"rendered":"","protected":false},"author":2,"featured_media":0,"parent":0,"menu_order":0,"comment_status":"closed","ping_status":"closed","template":"","meta":[],"_links":{"self":[{"href":"https:\/\/idmc.de\/index.php?rest_route=\/wp\/v2\/pages\/11068"}],"collection":[{"href":"https:\/\/idmc.de\/index.php?rest_route=\/wp\/v2\/pages"}],"about":[{"href":"https:\/\/idmc.de\/index.php?rest_route=\/wp\/v2\/types\/page"}],"author":[{"embeddable":true,"href":"https:\/\/idmc.de\/index.php?rest_route=\/wp\/v2\/users\/2"}],"replies":[{"embeddable":true,"href":"https:\/\/idmc.de\/index.php?rest_route=%2Fwp%2Fv2%2Fcomments&post=11068"}],"version-history":[{"count":6,"href":"https:\/\/idmc.de\/index.php?rest_route=\/wp\/v2\/pages\/11068\/revisions"}],"predecessor-version":[{"id":11081,"href":"https:\/\/idmc.de\/index.php?rest_route=\/wp\/v2\/pages\/11068\/revisions\/11081"}],"wp:attachment":[{"href":"https:\/\/idmc.de\/index.php?rest_route=%2Fwp%2Fv2%2Fmedia&parent=11068"}],"curies":[{"name":"wp","href":"https:\/\/api.w.org\/{rel}","templated":true}]}}